{"id":3966,"date":"2019-02-27T11:55:44","date_gmt":"2019-02-27T11:55:44","guid":{"rendered":"https:\/\/olivpartners.com\/about\/"},"modified":"2024-11-11T16:19:57","modified_gmt":"2024-11-11T16:19:57","slug":"about","status":"publish","type":"page","link":"https:\/\/olivpartners.com\/it\/about\/","title":{"rendered":"CHI SIAMO"},"content":{"rendered":"<p><div class=\"fusion-bg-parallax\" data-bg-align=\"center center\" data-direction=\"up\" data-mute=\"false\" data-opacity=\"100\" data-velocity=\"-0.2\" data-mobile-enabled=\"false\" data-break_parents=\"0\" data-bg-image=\"https:\/\/olivpartners.com\/wp-content\/uploads\/2019\/10\/Oliv_Partners_HEADER_about-1.jpg\" data-bg-repeat=\"false\" ><\/div><div class=\"fusion-fullwidth fullwidth-box fusion-builder-row-1 fusion-parallax-up nonhundred-percent-fullwidth non-hundred-percent-height-scrolling\" style=\"--awb-border-radius-top-left:0px;--awb-border-radius-top-right:0px;--awb-border-radius-bottom-right:0px;--awb-border-radius-bottom-left:0px;--awb-padding-top:80px;--awb-padding-bottom:40px;--awb-background-image:url(&quot;https:\/\/olivpartners.com\/wp-content\/uploads\/2019\/10\/Oliv_Partners_HEADER_about-1.jpg&quot;);--awb-background-size:cover;--awb-flex-wrap:wrap;\" ><div class=\"fusion-builder-row fusion-row\"><div class=\"fusion-layout-column fusion_builder_column fusion-builder-column-0 fusion_builder_column_1_1 1_1 fusion-one-full fusion-column-first fusion-column-last\" style=\"--awb-bg-size:cover;\"><div class=\"fusion-column-wrapper fusion-column-has-shadow fusion-flex-column-wrapper-legacy\"><div class=\"fusion-title title fusion-title-1 fusion-title-center fusion-title-text fusion-title-size-one\"><div class=\"title-sep-container title-sep-container-left\"><div class=\"title-sep sep- sep-solid\" style=\"border-color:#e2e2e2;\"><\/div><\/div><span class=\"awb-title-spacer\"><\/span><h1 class=\"fusion-title-heading title-heading-center fusion-responsive-typography-calculated\" style=\"margin:0;--fontSize:42;line-height:1;\">CHI SIAMO<\/h1><span class=\"awb-title-spacer\"><\/span><div class=\"title-sep-container title-sep-container-right\"><div class=\"title-sep sep- sep-solid\" style=\"border-color:#e2e2e2;\"><\/div><\/div><\/div><div class=\"fusion-sep-clear\"><\/div><div class=\"fusion-separator\" style=\"margin-left: auto;margin-right: auto;margin-bottom:25px;width:100%;max-width:100px;\"><div class=\"fusion-separator-border sep-single sep-solid\" style=\"--awb-height:20px;--awb-amount:20px;--awb-sep-color:#ffffff;border-color:#ffffff;border-top-width:1px;\"><\/div><\/div><div class=\"fusion-sep-clear\"><\/div><div class=\"fusion-title title fusion-title-2 fusion-title-center fusion-title-text fusion-title-size-three\" style=\"--awb-text-color:#ffffff;\"><div class=\"title-sep-container title-sep-container-left\"><div class=\"title-sep sep- sep-solid\" style=\"border-color:#e2e2e2;\"><\/div><\/div><span class=\"awb-title-spacer\"><\/span><h3 class=\"fusion-title-heading title-heading-center fusion-responsive-typography-calculated\" style=\"margin:0;--fontSize:26;line-height:1.2;\"><div title=\"Pagina 4\">\n<p>Olivia Mathijsen \u00e8 una executive coach e consulente di grande esperienza che lavora sia in Italia che a livello internazionale.<\/p>\n<\/div><\/h3><span class=\"awb-title-spacer\"><\/span><div class=\"title-sep-container title-sep-container-right\"><div class=\"title-sep sep- sep-solid\" style=\"border-color:#e2e2e2;\"><\/div><\/div><\/div><div class=\"fusion-clearfix\"><\/div><\/div><\/div><\/div><\/div><div class=\"fusion-fullwidth fullwidth-box fusion-builder-row-2 nonhundred-percent-fullwidth non-hundred-percent-height-scrolling\" style=\"--awb-border-radius-top-left:0px;--awb-border-radius-top-right:0px;--awb-border-radius-bottom-right:0px;--awb-border-radius-bottom-left:0px;--awb-padding-top:60px;--awb-padding-bottom:40px;--awb-flex-wrap:wrap;\" ><div class=\"fusion-builder-row fusion-row\"><div class=\"fusion-layout-column fusion_builder_column fusion-builder-column-1 fusion_builder_column_3_4 3_4 fusion-three-fourth fusion-column-first\" style=\"--awb-bg-size:cover;--awb-margin-bottom:0px;width:75%;width:calc(75% - ( ( 2% ) * 0.75 ) );margin-right: 2%;\"><div class=\"fusion-column-wrapper fusion-column-has-shadow fusion-flex-column-wrapper-legacy\"><div class=\"fusion-text fusion-text-1\"><div class=\"page\" title=\"Page 2\">\n<div class=\"section\">\n<div class=\"layoutArea\">\n<div class=\"column\">\n<p><b>Olivia Mathijsen<\/b> \u00e8 una executive coach e consulente di grande esperienza che lavora sia in Italia che a livello internazionale. Ha consolidato la propria formazione e competenza per dedicarsi a tempo pieno all&#8217;area della sua professione che le permette di avere maggior soddisfazione ed impatto: accompagnare i Dirigenti \/ Imprenditori \/ Manager nello sviluppo della loro leadership per massimizzare una performance ottimale e sostenibile per s\u00e9 stessi, i loro team e le loro aziende.<\/p>\n<p>La sua esperienza come HR strategico al livello europeo con AlixPartners le ha permesso di traversare vari cicli aziendali come momenti di grande crescita, di taglio costi, di acquisizione da private equity e di trasformazioni organizzative. Prima di AlixPartners, Olivia ha lavorato per dieci anni in A.T. Kearney come consulente strategico e successivamente come co-fondatrice del team di executive search. Ha iniziato la sua carriera come analista del credito.<\/p>\n<p>Olivia possiede un Master in Consulting for Change presso INSEAD (Francia), un Master in International Management presso SDA Bocconi (Italia) e una Bachelor of Arts in Psicologia presso il Bryn Mawr College (PA, Stati Uniti). E\u2019 una coach certificato PCC con la International Coaching Federation.\u00c8 sul Board della INSEAD Alumni Association Italia .<\/p>\n<p>Non per ultimo, essendo sposata e madre di tre figli, gestire l\u2019equilibrio tra priorit\u00e0 personali e professionali \u00e8 un tema che gli \u00e8 molto familiare.<\/p>\n<\/div>\n<\/div>\n<\/div>\n<\/div>\n<\/div><div class=\"fusion-clearfix\"><\/div><\/div><\/div><div class=\"fusion-layout-column fusion_builder_column fusion-builder-column-2 fusion_builder_column_1_4 1_4 fusion-one-fourth fusion-column-last\" style=\"--awb-bg-size:cover;--awb-margin-bottom:0px;width:25%;width:calc(25% - ( ( 2% ) * 0.25 ) );\"><div class=\"fusion-column-wrapper fusion-column-has-shadow fusion-flex-column-wrapper-legacy\"><div class=\"fusion-image-element in-legacy-container\" style=\"--awb-caption-title-font-family:var(--h2_typography-font-family);--awb-caption-title-font-weight:var(--h2_typography-font-weight);--awb-caption-title-font-style:var(--h2_typography-font-style);--awb-caption-title-size:var(--h2_typography-font-size);--awb-caption-title-transform:var(--h2_typography-text-transform);--awb-caption-title-line-height:var(--h2_typography-line-height);--awb-caption-title-letter-spacing:var(--h2_typography-letter-spacing);\"><span class=\" fusion-imageframe imageframe-none imageframe-1 hover-type-none\"><img decoding=\"async\" width=\"667\" height=\"690\" title=\"\u00a9OLIV-PARTNERS_portrait_olivia-073\" src=\"https:\/\/olivpartners.com\/wp-content\/uploads\/2024\/11\/\u00a9OLIV-PARTNERS_portrait_olivia-073.jpg\" alt class=\"img-responsive wp-image-4031\" srcset=\"https:\/\/olivpartners.com\/wp-content\/uploads\/2024\/11\/\u00a9OLIV-PARTNERS_portrait_olivia-073-200x207.jpg 200w, https:\/\/olivpartners.com\/wp-content\/uploads\/2024\/11\/\u00a9OLIV-PARTNERS_portrait_olivia-073-400x414.jpg 400w, https:\/\/olivpartners.com\/wp-content\/uploads\/2024\/11\/\u00a9OLIV-PARTNERS_portrait_olivia-073-600x621.jpg 600w, https:\/\/olivpartners.com\/wp-content\/uploads\/2024\/11\/\u00a9OLIV-PARTNERS_portrait_olivia-073.jpg 667w\" sizes=\"(max-width: 800px) 100vw, 400px\" \/><\/span><\/div><div class=\"fusion-clearfix\"><\/div><\/div><\/div><\/div><\/div><div class=\"fusion-fullwidth fullwidth-box fusion-builder-row-3 fusion-parallax-none nonhundred-percent-fullwidth non-hundred-percent-height-scrolling\" style=\"--awb-border-sizes-top:0px;--awb-border-sizes-bottom:0px;--awb-border-sizes-left:0px;--awb-border-sizes-right:0px;--awb-border-radius-top-left:0px;--awb-border-radius-top-right:0px;--awb-border-radius-bottom-right:0px;--awb-border-radius-bottom-left:0px;--awb-padding-top:100px;--awb-padding-bottom:70px;--awb-background-color:rgba(58,132,156,0);--awb-background-image:url(&quot;https:\/\/olivpartners.com\/wp-content\/uploads\/2019\/10\/Oliv_Partners_olivia_mathijsen_quote_background.jpg&quot;);--awb-background-size:cover;--awb-flex-wrap:wrap;\" ><div class=\"fusion-builder-row fusion-row\"><div class=\"fusion-layout-column fusion_builder_column fusion-builder-column-3 fusion_builder_column_1_1 1_1 fusion-one-full fusion-column-first fusion-column-last fusion-column-no-min-height\" style=\"--awb-bg-size:cover;--awb-margin-bottom:0px;\"><div class=\"fusion-column-wrapper fusion-flex-column-wrapper-legacy\"><div class=\"fusion-text fusion-text-2\"><h4 style=\"text-align: center;\"><i>&#8220;Prima di tutto, d\u00ec a te stesso chi vuoi essere; poi fa ogni cosa di conseguenza.&#8221; <\/i><\/h4>\n<p>&nbsp;<\/p>\n<h4 style=\"text-align: center;\"><i>\u2015 Epictetus<\/i><\/h4>\n<\/div><div class=\"fusion-clearfix\"><\/div><\/div><\/div><\/div><\/div><div class=\"fusion-fullwidth fullwidth-box fusion-builder-row-4 nonhundred-percent-fullwidth non-hundred-percent-height-scrolling fusion-equal-height-columns\" style=\"--awb-border-radius-top-left:0px;--awb-border-radius-top-right:0px;--awb-border-radius-bottom-right:0px;--awb-border-radius-bottom-left:0px;--awb-padding-top:70px;--awb-padding-bottom:50px;--awb-background-color:rgba(36,102,129,0.5);--awb-flex-wrap:wrap;\" ><div class=\"fusion-builder-row fusion-row\"><div class=\"fusion-layout-column fusion_builder_column fusion-builder-column-4 fusion_builder_column_3_4 3_4 fusion-three-fourth fusion-column-first\" style=\"--awb-padding-top:30px;--awb-padding-right:30px;--awb-padding-bottom:30px;--awb-padding-left:30px;--awb-bg-size:cover;width:75%;width:calc(75% - ( ( 0px ) * 0.75 ) );margin-right: 0px;\"><div class=\"fusion-column-wrapper fusion-column-has-shadow fusion-flex-column-wrapper-legacy\"><div class=\"fusion-column-content-centered\"><div class=\"fusion-column-content\"><div class=\"fusion-text fusion-text-3 white-p\"><div class=\"page\" title=\"Page 2\">\n<div class=\"section\">\n<div class=\"layoutArea\">\n<div class=\"column\">\n<p>La &#8220;O&#8221; di OLIV Partners \u00e8 un simbolo di vita, completezza, del s\u00e9 e dell&#8217;infinito. Essa circonda l\u2019albero di ulivo, una pianta robusta e generosa che offre frutti e olio nutrienti, i cui rami sono simbolo di pace. Il suo tronco tozzo pu\u00f2 restare vitale per pi\u00f9 di mille anni. Se bruciato, congelato o colpito da malattie, il suo sistema radicale rigenerativo \u00e8 in grado di rinascere. L\u2019ulivo e il suo anello protettivo incarnano resilienza, serenit\u00e0, vitalit\u00e0 e una longevit\u00e0 prolifica.<br \/>\n<strong>OLIV = Organization &amp; Leadership through Insights &amp; Values<\/strong><\/p>\n<\/div>\n<\/div>\n<\/div>\n<\/div>\n<\/div><div class=\"fusion-sep-clear\"><\/div><div class=\"fusion-separator fusion-no-large-visibility fusion-full-width-sep\" style=\"margin-left: auto;margin-right: auto;margin-top:15px;margin-bottom:15px;width:100%;\"><\/div><div class=\"fusion-sep-clear\"><\/div><\/div><\/div><div class=\"fusion-clearfix\"><\/div><\/div><\/div><div class=\"fusion-layout-column fusion_builder_column fusion-builder-column-5 fusion_builder_column_1_4 1_4 fusion-one-fourth fusion-column-last\" style=\"--awb-padding-top:20px;--awb-padding-right:30px;--awb-padding-bottom:30px;--awb-padding-left:20px;--awb-bg-size:cover;width:25%;width:calc(25% - ( ( 0px ) * 0.25 ) );\"><div class=\"fusion-column-wrapper fusion-column-has-shadow fusion-flex-column-wrapper-legacy\"><div class=\"fusion-column-content-centered\"><div class=\"fusion-column-content\"><div class=\"fusion-image-element fusion-image-align-center in-legacy-container\" style=\"text-align:center;--awb-max-width:300px;--awb-caption-title-font-family:var(--h2_typography-font-family);--awb-caption-title-font-weight:var(--h2_typography-font-weight);--awb-caption-title-font-style:var(--h2_typography-font-style);--awb-caption-title-size:var(--h2_typography-font-size);--awb-caption-title-transform:var(--h2_typography-text-transform);--awb-caption-title-line-height:var(--h2_typography-line-height);--awb-caption-title-letter-spacing:var(--h2_typography-letter-spacing);\"><div class=\"imageframe-align-center\"><span class=\" fusion-imageframe imageframe-none imageframe-2 hover-type-none\"><img decoding=\"async\" title=\"Oliv_Partners_logo-white-2\" src=\"https:\/\/olivpartners.com\/wp-content\/uploads\/2019\/10\/Oliv_Partners_logo-white-2.svg\" alt class=\"img-responsive wp-image-3889\"\/><\/span><\/div><\/div><\/div><\/div><div class=\"fusion-clearfix\"><\/div><\/div><\/div><\/div><\/div><\/p>\n","protected":false},"excerpt":{"rendered":"","protected":false},"author":1,"featured_media":0,"parent":0,"menu_order":0,"comment_status":"closed","ping_status":"closed","template":"100-width.php","meta":{"slim_seo":{"title":"CHI SIAMO - OLIV PARTNERS","description":"CHI SIAMO Olivia Mathijsen \u00e8 una executive coach e consulente di grande esperienza che lavora sia in Italia che a livello internazionale. Olivia Mathijsen \u00e8 una"},"footnotes":""},"class_list":["post-3966","page","type-page","status-publish","hentry"],"_links":{"self":[{"href":"https:\/\/olivpartners.com\/it\/wp-json\/wp\/v2\/pages\/3966","targetHints":{"allow":["GET"]}}],"collection":[{"href":"https:\/\/olivpartners.com\/it\/wp-json\/wp\/v2\/pages"}],"about":[{"href":"https:\/\/olivpartners.com\/it\/wp-json\/wp\/v2\/types\/page"}],"author":[{"embeddable":true,"href":"https:\/\/olivpartners.com\/it\/wp-json\/wp\/v2\/users\/1"}],"replies":[{"embeddable":true,"href":"https:\/\/olivpartners.com\/it\/wp-json\/wp\/v2\/comments?post=3966"}],"version-history":[{"count":0,"href":"https:\/\/olivpartners.com\/it\/wp-json\/wp\/v2\/pages\/3966\/revisions"}],"wp:attachment":[{"href":"https:\/\/olivpartners.com\/it\/wp-json\/wp\/v2\/media?parent=3966"}],"curies":[{"name":"wp","href":"https:\/\/api.w.org\/{rel}","templated":true}]}}